{"id":764,"date":"2019-03-19T15:05:10","date_gmt":"2019-03-19T15:05:10","guid":{"rendered":"http:\/\/maacondos.com\/the-neighbourhood-2\/"},"modified":"2019-04-01T16:14:54","modified_gmt":"2019-04-01T16:14:54","slug":"the-neighbourhood","status":"publish","type":"page","link":"https:\/\/maacondos.com\/zh\/the-neighbourhood\/","title":{"rendered":"The neighbourhood"},"content":{"rendered":"<div class=\"wpb-content-wrapper\">[vc_row fullwidth=&#8221;true&#8221; fullwidth_content=&#8221;false&#8221; css=&#8221;.vc_custom_1553018645438{background-color: #a87458 !important;}&#8221;][vc_column][vc_row_inner][vc_column_inner width=&#8221;1\/2&#8243;][vc_empty_space height=&#8221;100px&#8221; el_class=&#8221;space-mobile&#8221;][mk_fancy_title size=&#8221;64&#8243; margin_bottom=&#8221;0&#8243; font_family=&#8221;none&#8221; responsive_align=&#8221;left&#8221; el_class=&#8221;titre-style3&#8243;]\u9ec4\u91d1\u5e7f\u573a\uff0c<br \/>\n\u4e00\u4e2a\u6807\u5fd7\u6027<br \/>\n\u7684\u8857\u533a[\/mk_fancy_title][vc_empty_space height=&#8221;25px&#8221;][vc_column_text disable_pattern=&#8221;false&#8221; el_class=&#8221;txt-blanc txt-batiment&#8221; css=&#8221;.vc_custom_1553270400886{margin-bottom: 0px !important;}&#8221;]\u9ec4\u91d1\u5e7f\u573a\u89c1\u8bc1\u4e86\u8499\u7279\u5229\u5c14\u7684\u5386\u53f2\u3002\u8fd9\u91cc\u7684\u5c45\u6c11\u572819\u4e16\u7eaa\u548c20\u4e16\u7eaa\u521d\u671f\u7684\u52a0\u62ff\u5927\u53d1\u5c55\u4e2d\u53d1\u6325\u4e86\u5173\u952e\u7684\u4f5c\u7528\uff0c\u96c6\u4e2d\u4e86\u5168\u56fd70%\u7684\u8d22\u5bcc\u3002\u5c3d\u7ba1\u5f62\u52bf\u5df2\u7ecf\u53d1\u751f\u4e86\u53d8\u5316\uff0c\u4f46\u5546\u4e1a\u6d3b\u52a8\u4f9d\u7136\u5982\u706b\u5982\u837c\u7684\u5728\u8fd9\u91cc\u8fdb\u884c\u3002<br \/>\n[\/vc_column_text][vc_empty_space height=&#8221;25px&#8221;][\/vc_column_inner][vc_column_inner width=&#8221;1\/2&#8243;][vc_empty_space height=&#8221;100px&#8221; el_class=&#8221;space-mobile&#8221;][vc_single_image image=&#8221;713&#8243; img_size=&#8221;full&#8221; add_caption=&#8221;yes&#8221; alignment=&#8221;right&#8221; title=&#8221;1893&#8243; el_class=&#8221;img-1893&#8243;][vc_empty_space height=&#8221;40px&#8221;][vc_single_image image=&#8221;716&#8243; img_size=&#8221;full&#8221; add_caption=&#8221;yes&#8221; title=&#8221;1895&#8243; el_class=&#8221;img-1895&#8243;][\/vc_column_inner][\/vc_row_inner][vc_empty_space height=&#8221;250px&#8221;][\/vc_column][\/vc_row][vc_row fullwidth=&#8221;true&#8221; el_class=&#8221;relative row-img&#8221;][vc_column][vc_row_inner is_fullwidth_content=&#8221;false&#8221;][vc_column_inner][vc_single_image image=&#8221;658&#8243; img_size=&#8221;full&#8221; alignment=&#8221;center&#8221; css_animation=&#8221;fadeIn&#8221; el_class=&#8221;img-position img-quartier-mtl img-caption&#8221; title=&#8221;\u5728\u8499\u7279\u5229\u5c14\u5e02\u4e2d\u5fc3&#8221;][\/vc_column_inner][\/vc_row_inner][\/vc_column][\/vc_row][vc_row fullwidth=&#8221;true&#8221; el_class=&#8221;row-position&#8221;][vc_column][vc_row_inner is_fullwidth_content=&#8221;false&#8221;][vc_column_inner width=&#8221;1\/2&#8243;][vc_single_image image=&#8221;670&#8243; img_size=&#8221;full&#8221; css_animation=&#8221;fadeIn&#8221; title=&#8221;\u8499\u7279\u5229\u5c14\u7f8e\u98df&#8221; el_class=&#8221;img-caption&#8221;][\/vc_column_inner][vc_column_inner width=&#8221;1\/2&#8243;][vc_single_image image=&#8221;673&#8243; img_size=&#8221;full&#8221; alignment=&#8221;right&#8221; css_animation=&#8221;fadeIn&#8221; title=&#8221;\u827a\u672f\u548c\u6587\u5316&#8221; el_class=&#8221;img-caption-02&#8243;][\/vc_column_inner][\/vc_row_inner][vc_empty_space height=&#8221;100px&#8221; el_class=&#8221;space-mobile&#8221;][\/vc_column][\/vc_row][vc_row fullwidth=&#8221;true&#8221; css=&#8221;.vc_custom_1553001046815{background-image: url(http:\/\/maacondos.com\/wp-content\/uploads\/2019\/03\/bg-fond-maa.jpg?id=615) !important;background-position: 0 0 !important;background-repeat: repeat !important;}&#8221;][vc_column][vc_empty_space height=&#8221;40px&#8221; el_class=&#8221;remove-space-mobile&#8221;][vc_row_inner][vc_column_inner][vc_column_text css=&#8221;.vc_custom_1546621610162{margin-bottom: 0px !important;}&#8221;]\n\n\t\t<div id=\"form\">\n\t\t\t<div id=\"formulaire\">\n\n\n\n\n\n\t\t\t\t<!-- <h3 class=\"titre-formulaire center\">\u7acb\u5373\u6ce8\u518c\u52a0\u5165\u6211\u4eec\u7684\u8d35\u5bbe\u540d\u5355<\/h3>\n\t\t\t\n\t\t\t<h3 class=\"titre-formulaire center\" sytle=\"margin-top:25px;\">Sales pavilion <\/h3>\n\t\t\t<p class=\"center\"><a href=\"tel:438-792-0710\">438 792-0710<\/a><br>\n\t\t\t<a href=\"https:\/\/goo.gl\/maps\/cmouuPjKNs1PkRx26\" target=\"_blank\">4120, rue Sainte-Catherine Ouest<br>\n\t\t\tWestmount, Qu\u00e9bec&nbsp;&nbsp;H3Z 1P2<\/a><\/p> -->\n\n\n\t\t\t\t<h3 class=\"titre-formulaire center\" sytle=\"width:100%; margin-top:25px;\">MAA\u516c\u5bd3\u548c\u9876\u5c42\u8c6a\u534e\u516c\u5bd3\u6b63\u5728\u70ed\u5356\u4e2d\uff01<\/h3>\n\t\t\t\t<p class=\"center titre-formulaire soustitre-formulaire\" style=\"width:70%; margin:0 auto;\">\n\t\t\t\t\t\u5982\u679c\u60a8\u5bf9\u8fd9\u4e00\u9879\u76ee\u611f\u5174\u8da3\uff0c\u5e0c\u671b\u4e86\u89e3\u66f4\u591a\u9879\u76ee\u8be6\u60c5\uff0c\u8bf7\u586b\u5199\u8868\u683c\u6216\u9884\u7ea6\u96f6\u63a5\u89e6\u7ebf\u4e0a\u4f1a\u8bae\u8054\u7cfb\u6211\u4eec\u7684\u9500\u552e\u4ee3\u8868\u3002\n\t\t\t\t<\/p>\n\n\n\n\t\t\t\t<div class=\"wrap-formulaire\">\n\n\t\t\t\t\t<div id=\"msg\"><\/div>\n\t\t\t\t\t<form name=\"form-maa-zh\" id=\"form-maa-zh\" method=\"post\" action=\"\/index.php\">\n\n\n\t\t\t\t\t\t<div>\n\t\t\t\t\t\t\t<label for=\"title\">\u79f0\u547c<\/label>\n\t\t\t\t\t\t\t<label class=\"salutation\"><input class=\"option-input radio\" type=\"radio\" id=\"NameTitle\" name=\"NameTitle\" value=\"M.\">\u5148\u751f<\/label>\n\t\t\t\t\t\t\t<label class=\"salutation\"><input class=\"option-input radio\" type=\"radio\" id=\"NameTitle\" name=\"NameTitle\" value=\"Mme\">\u5973\u58eb<\/label>\n\t\t\t\t\t\t<\/div>\n\n\n\n\n\t\t\t\t\t\t<input type=\"text\" id=\"FirstName\" name=\"FirstName\" placeholder=\"\u540d\u5b57* :\">\n\t\t\t\t\t\t<input type=\"text\" id=\"LastName\" name=\"LastName\" placeholder=\"\u59d3\u6c0f* :\">\n\n\t\t\t\t\t\t<input type=\"text\" id=\"Emails-Primary\" name=\"Emails-Primary\" placeholder=\"\u90ae\u4ef6* :\">\n\t\t\t\t\t\t<input type=\"text\" id=\"Phones-Home\" name=\"Phones-Home\" placeholder=\"\u7535\u8bdd* :\">\n\t\t\t\t\t\t<input type=\"text\" id=\"PostalCode\" name=\"PostalCode\" placeholder=\"\u90ae\u7f16* :\" \/>\n\n\n\n\n\t\t\t\t\t\t<select id=\"Questions-55405\" name=\"Questions[55405]\">\n\t\t\t\t\t\t\t<option value=\"0\">\u60a8\u7684\u5ba2\u6237\u7c7b\u578b\uff1f<\/option>\n\t\t\t\t\t\t\t<option value=\"231440\">\u4e70\u5bb6<\/option>\n\t\t\t\t\t\t\t<option value=\"231441\">\u6295\u8d44\u4eba<\/option>\n\t\t\t\t\t\t\t<option value=\"231442\">\u5730\u4ea7\u7ecf\u7eaa<\/option>\n\t\t\t\t\t\t<\/select>\n\n\t\t\t\t\t\t<div class=\"form-space\"><\/div>\n\n\n\t\t\t\t\t\t<select id=\"Questions-55406\" name=\"Questions[55406]\">\n\t\t\t\t\t\t\t<option value=\"0\">\u60a8\u5bf9\u4ec0\u4e48\u6837\u7684\u6237\u578b\u611f\u5174\u8da3\uff1f<\/option>\n\t\t\t\t\t\t\t<!--option value=\"231788\">Studio<\/option>\n\t\t\t\t\t\t<option value=\"231443\">1\u623f<\/option>\n\t\t\t\t\t\t<option value=\"231444\">2\u623f<\/option>\n\t\t\t\t\t\t<option value=\"231445\">3\u623f<\/option>\n\t\t\t\t\t\t<option value=\"231446\">\u9876\u5c42\u8c6a\u534e\u516c\u5bd3<\/option-->\n\n\t\t\t\t\t\t\t<!--option value=\"238710\">\u7ecf\u5178\u4e00\u623f\u516c\u5bd3\u8d77\u4ef7<\/option>\n\t\t\t\t\t\t<option value=\"238711\">\u8c6a\u534e\u4e09\u623f\u516c\u5bd3\u8d77\u4ef7<\/option-->\n\t\t\t\t\t\t\t<!--<option value=\"231446\">\u9876\u5c42\u8c6a\u534e\u516c\u5bd3<\/option>-->\n\n\t\t\t\t\t\t\t<option value=\"342901\">\u7ecf\u5178\u5355\u95f4\u5957\u623f<\/option>\n\t\t\t\t\t\t\t<option value=\"238710\">\u7ecf\u51781\u5c45\u5ba4\u5957\u623f<\/option>\n\t\t\t\t\t\t\t<option value=\"342900\">\u7ecf\u51782\u5c45\u5ba4\u5957\u623f<\/option>\n\t\t\t\t\t\t\t<option value=\"342899\">\u53cc\u5367\u884c\u653f\u5957\u623f<\/option>\n\n\t\t\t\t\t\t\t<option value=\"342898\">\u9876\u5c42\u8c6a\u534e3\u5367\u5957\u623f<\/option>\n\n\n\t\t\t\t\t\t<\/select>\n\n\t\t\t\t\t\t<select id=\"Questions-16533\" name=\"Questions[16533]\">\n\t\t\t\t\t\t\t<option value=\"0\">\u60a8\u5e0c\u671b\u6211\u4eec\u4f7f\u7528\u54ea\u79cd\u8bed\u8a00\u8ddf\u60a8\u8054\u7cfb\uff1f<\/option>\n\t\t\t\t\t\t\t<option value=\"80630\">\u6cd5\u8bed<\/option>\n\t\t\t\t\t\t\t<option value=\"80629\">\u82f1\u8bed<\/option>\n\t\t\t\t\t\t\t<option value=\"200705\">\u666e\u901a\u8bdd<\/option>\n\t\t\t\t\t\t<\/select>\n\n\t\t\t\t\t\t<!--\t<div class=\"form-space\"><\/div>\n\t\t\t\t\t\n\t\t\t\t\t\u60a8\u76ee\u524d\u6709\u7ecf\u7eaa\u4eba\u4ee3\u7406\u5417\uff1f\u5982\u679c\u6709\uff0c\u8bf7\u8f93\u5165\u7ecf\u7eaa\u4eba\u59d3\u540d\u3002<br>\n\t\t\t\t\t\u662f\u7684\uff0c\u6211\u7531\u6211\u7684\u7ecf\u7eaa\u4eba\u4ee3\u7406<br>\n\t\t\t\t\t<input type=\"text\" id=\"Questions-58236\" name=\"Questions-58236\" placeholder=\"\u7ecf\u7eaa\u4eba\u59d3\u540d:\"><br>-->\n\n\t\t\t\t\t\t<div id=\"NumPlanContainer\" style=\"display:none;\">\n\t\t\t\t\t\t\t<div class=\"form-space\"><\/div>\n\t\t\t\t\t\t\t<div class=\"form-space\"><\/div>\n\t\t\t\t\t\t\t<br \/><label for=\"Questions-98648\">\u6211\u60f3\u8981\u4e86\u89e3\u66f4\u591a\u8fd9\u4e2a\u5355\u5143\u7684\u4fe1\u606f<\/label>\n\t\t\t\t\t\t\t<input type=\"text\" id=\"Questions-98648\" name=\"Questions[98648]\" placeholder=\"\" readonly value=\"\"><br>\n\t\t\t\t\t\t<\/div>\n\n\t\t\t\t\t\t<input type=\"text\" id=\"Questions-58236\" name=\"Questions-58236\" value=\"\" style=\"display: none; opacity: 0;\">\n\n\n\t\t\t\t\t\t<textarea id=\"Comments\" name=\"Comments\" placeholder=\"\u7559\u8a00 :\"><\/textarea>\n\t\t\t\t\t\t<br>\n\n\t\t\t\t\t\t<div class=\"form-space\"><\/div>\n\n\n\t\t\t\t\t\t<!--label class=\"newsletter\">\n\t\t\t\t\t\t<input class=\"option-input checkbox\" type=\"checkbox\" id=\"Questions-55407\" name=\"Questions[55407]\" value=\"231447\" \/> \u6211\u5e0c\u671b\u4ece Devimco Immobilier \u6536\u5230\u6700\u65b0\u6d88\u606f\uff0c\u6d3b\u52a8\u9080\u8bf7\u548c\u4f18\u60e0\u901a\u77e5\n\t\t\t\t\t<\/label-->\n\t\t\t\t\t\t<p>\u5165\u60a8\u7684\u90ae\u7bb1\u8ba2\u9605\u6700\u65b0\u8d44\u8baf\uff0c\u5373\u8868\u793a\u60a8\u540c\u610f\u63a5\u6536\u6765\u81eaDevimco\u7684\u65b0\u95fb\u52a8\u6001\u3001\u4fc3\u9500\u6d3b\u52a8\u548c\u7535\u5b50\u671f\u520a\u3002\u60a8\u53ef\u968f\u65f6\u901a\u8fc7\u90ae\u4ef6\u4e2d\u7684\u9000\u8ba2\u94fe\u63a5\u53d6\u6d88\u8ba2\u9605\u3002<\/p>\n\n\n\t\t\t\t\t\t<input type=\"hidden\" id=\"Questions-59726\" name=\"Questions[59726]\" value=\"242141\">\n\n\t\t\t\t\t\t<br><br>\n\t\t\t\t\t\t<input type=\"hidden\" id=\"ThankYouEmailTemplateId\" name=\"ThankYouEmailTemplateId\" value=\"677460\" \/>\n\t\t\t\t\t\t<input type=\"hidden\" name=\"registrationPageIdentifier\" value=\"mandarin\" \/>\n\t\t\t\t\t\t<input type=\"hidden\" name=\"SignupThankyouLink\" value=\"DO NOT REDIRECT\">\n\t\t\t\t\t\t<input type=\"hidden\" name=\"SignupEmailLink\" value=\"\">\n\t\t\t\t\t\t<input type=\"hidden\" name=\"SignupEmailSubject\" value=\"Thank you for registering at [@PROJECT_NAME]\">\n\t\t\t\t\t\t<input type=\"hidden\" name=\"domainAccountId\" value=\"LAS-193844-21\" \/>\n\t\t\t\t\t\t<input type=\"hidden\" name=\"guid\" value=\"\" \/>\n\n\t\t\t\t\t\t<!-- <input type=\"hidden\" id=\"Questions-88637\" name=\"Questions[88637]\" value=\"\">\n\t\t\t\t\t<input type=\"hidden\" id=\"Questions-88638\" name=\"Questions[88638]\" value=\"\">\n\t\t\t\t\t<input type=\"hidden\" id=\"Questions-88640\" name=\"Questions[88640]\" value=\"\">\n\t\t\t\t\t<input type=\"hidden\" id=\"Questions-102963\" name=\"Questions[102963]\" value=\"\">\n\t\t\t\t\t<input type=\"hidden\" id=\"Questions-102964\" name=\"Questions[102964]\" value=\"\">\n\t\t\t\t\t<input type=\"hidden\" id=\"SourceTypeID\" name=\"SourceTypeID\" value=\"\"> -->\n\n\t\t\t\t\t\t<input type=\"hidden\" id=\"Questions-88637\" name=\"Questions[88637]\" value=\"\">\n\t\t\t\t\t\t<input type=\"hidden\" id=\"Questions-88638\" name=\"Questions[88638]\" value=\"\">\n\t\t\t\t\t\t<input type=\"hidden\" id=\"Questions-88640\" name=\"Questions[88640]\" value=\"\">\n\t\t\t\t\t\t<input type=\"hidden\" id=\"Questions-102964\" name=\"Questions[102964]\" value=\"\">\n\t\t\t\t\t\t<input type=\"hidden\" id=\"Questions-102963\" name=\"Questions[102963]\" value=\"\">\n\t\t\t\t\t\t<input type=\"hidden\" id=\"Questions-122174\" name=\"Questions[122174]\" value=\"\">\n\t\t\t\t\t\t<input type=\"hidden\" id=\"Questions-122175\" name=\"Questions[122175]\" value=\"\">\n\t\t\t\t\t\t<input type=\"hidden\" id=\"gaclientid\" name=\"gaclientid\" value=\"\">\n\t\t\t\t\t\t<input type=\"hidden\" id=\"gclid\" name=\"gclid\" value=\"\">\n\t\t\t\t\t\t<input type=\"hidden\" id=\"SourceTypeID\" name=\"SourceTypeID\" value=\"Online Registration\">\n\n\t\t\t\t\t\t<div class=\"captcha-btn\" style=\"margin-top:0; display: flex; justify-content: center; flex-flow: column; align-items: center;\">\n\t\t\t\t\t\t\t<div class=\"cf-turnstile\" data-sitekey=\"0x4AAAAAACIqfgWa_KcVVUDF\" data-theme=\"light\"><\/div>\n\n\t\t\t\t\t\t\t<input type=\"submit\" class=\"btnSubmit\" id=\"submit\" name=\"submit\" value=\"\u63d0\u4ea4\" style=\"margin:35px auto 0 auto;\" \/>\n\t\t\t\t\t\t<\/div>\n\n\n\t\t\t\t\t<\/form>\n\n\t\t\t\t<\/div>\n\t\t\t\t<!--wrap-formulaire-->\n\t\t\t\t<br><br><br><br>\n\n\n\n\t\t\t<\/div>\n\t\t<\/div>\n\n\t\n\t<h3 class=\"titre-footer-prix\" style=\"font-size:34px; text-align:center;margin:0 auto 40px auto;\">\n\t\tAwards and distinctions\t<\/h3>\n\n\n\t<div class=\"wrap-footer-prix\" style=\"display:flex; flex-flow: wrap; align-items:center; justify-content: center; gap:50px;\">\n\t\t<div><img loading=\"lazy\" decoding=\"async\" src=\"\/wp-content\/uploads\/2021\/07\/pastille-architizer-x2.png\" width=\"131\" height=\"147\" alt=\"Architizer\"><\/div>\n\t\t<div><img loading=\"lazy\" decoding=\"async\" src=\"\/wp-content\/uploads\/2022\/08\/logos-certificationor-an.png\" width=\"131\" height=\"74\" alt=\"Certification Or\"><\/div>\n\t<\/div>\n\n\t[\/vc_column_text][\/vc_column_inner][\/vc_row_inner][vc_empty_space height=&#8221;50px&#8221;][\/vc_column][\/vc_row]\n<\/div>","protected":false},"excerpt":{"rendered":"<p>[vc_row fullwidth=&#8221;true&#8221; fullwidth_content=&#8221;false&#8221; css=&#8221;.vc_custom_1553018645438{background-color: #a87458 !important;}&#8221;][vc_column][vc_row_inner][vc_column_inner width=&#8221;1\/2&#8243;][vc_empty_space height=&#8221;100px&#8221; el_class=&#8221;space-mobile&#8221;][mk_fancy_title size=&#8221;64&#8243; margin_bottom=&#8221;0&#8243; font_family=&#8221;none&#8221; responsive_align=&#8221;left&#8221; el_class=&#8221;titre-style3&#8243;]\u9ec4\u91d1\u5e7f\u573a\uff0c \u4e00\u4e2a\u6807\u5fd7\u6027 \u7684\u8857\u533a[\/mk_fancy_title][vc_empty_space height=&#8221;25px&#8221;][vc_column_text disable_pattern=&#8221;false&#8221; el_class=&#8221;txt-blanc txt-batiment&#8221; css=&#8221;.vc_custom_1553270400886{margin-bottom: 0px !important;}&#8221;]\u9ec4\u91d1\u5e7f\u573a\u89c1\u8bc1\u4e86\u8499\u7279\u5229\u5c14\u7684\u5386\u53f2\u3002\u8fd9\u91cc\u7684\u5c45\u6c11\u572819\u4e16\u7eaa\u548c20\u4e16\u7eaa\u521d\u671f\u7684\u52a0\u62ff\u5927\u53d1\u5c55\u4e2d\u53d1\u6325\u4e86\u5173\u952e\u7684\u4f5c\u7528\uff0c\u96c6\u4e2d\u4e86\u5168\u56fd70%\u7684\u8d22\u5bcc\u3002\u5c3d\u7ba1\u5f62\u52bf\u5df2\u7ecf\u53d1\u751f\u4e86\u53d8\u5316\uff0c\u4f46\u5546\u4e1a\u6d3b\u52a8\u4f9d\u7136\u5982\u706b\u5982\u837c\u7684\u5728\u8fd9\u91cc\u8fdb\u884c\u3002 [\/vc_column_text][vc_empty_space height=&#8221;25px&#8221;][\/vc_column_inner][vc_column_inner width=&#8221;1\/2&#8243;][vc_empty_space height=&#8221;100px&#8221; el_class=&#8221;space-mobile&#8221;][vc_single_image image=&#8221;713&#8243; img_size=&#8221;full&#8221; add_caption=&#8221;yes&#8221; alignment=&#8221;right&#8221; title=&#8221;1893&#8243; el_class=&#8221;img-1893&#8243;][vc_empty_space height=&#8221;40px&#8221;][vc_single_image image=&#8221;716&#8243; img_size=&#8221;full&#8221; add_caption=&#8221;yes&#8221; title=&#8221;1895&#8243; el_class=&#8221;img-1895&#8243;][\/vc_column_inner][\/vc_row_inner][vc_empty_space height=&#8221;250px&#8221;][\/vc_column][\/vc_row][vc_row fullwidth=&#8221;true&#8221; el_class=&#8221;relative row-img&#8221;][vc_column][vc_row_inner is_fullwidth_content=&#8221;false&#8221;][vc_column_inner][vc_single_image image=&#8221;658&#8243; img_size=&#8221;full&#8221; alignment=&#8221;center&#8221; css_animation=&#8221;fadeIn&#8221; el_class=&#8221;img-position img-quartier-mtl img-caption&#8221; title=&#8221;\u5728\u8499\u7279\u5229\u5c14\u5e02\u4e2d\u5fc3&#8221;][\/vc_column_inner][\/vc_row_inner][\/vc_column][\/vc_row][vc_row fullwidth=&#8221;true&#8221; el_class=&#8221;row-position&#8221;][vc_column][vc_row_inner [&hellip;]<\/p>\n","protected":false},"author":1,"featured_media":0,"parent":0,"menu_order":0,"comment_status":"closed","ping_status":"closed","template":"","meta":{"_acf_changed":false,"footnotes":""},"class_list":["post-764","page","type-page","status-publish","hentry"],"acf":[],"yoast_head":"<!-- This site is optimized with the Yoast SEO plugin v27.3 - https:\/\/yoast.com\/product\/yoast-seo-wordpress\/ -->\n<title>L\u2019embl\u00e9matique Golden Square Mile - MAA Condominiums<\/title>\n<meta name=\"description\" content=\"Vivez au c\u0153ur d&#039;un quartier embl\u00e9matique et historique dans l&#039;un de nos 290 condominiums et penthouses haut de gamme \u00e0 Montr\u00e9al.\" \/>\n<meta name=\"robots\" content=\"index, follow, max-snippet:-1, max-image-preview:large, max-video-preview:-1\" \/>\n<link rel=\"canonical\" href=\"https:\/\/maacondos.com\/zh\/the-neighbourhood\/\" \/>\n<meta property=\"og:locale\" content=\"zh_CN\" \/>\n<meta property=\"og:type\" content=\"article\" \/>\n<meta property=\"og:title\" content=\"L\u2019embl\u00e9matique Golden Square Mile - MAA Condominiums\" \/>\n<meta property=\"og:description\" content=\"Vivez au c\u0153ur d&#039;un quartier embl\u00e9matique et historique dans l&#039;un de nos 290 condominiums et penthouses haut de gamme \u00e0 Montr\u00e9al.\" \/>\n<meta property=\"og:url\" content=\"https:\/\/maacondos.com\/zh\/the-neighbourhood\/\" \/>\n<meta property=\"og:site_name\" content=\"MAA Condominiums\" \/>\n<meta property=\"article:modified_time\" content=\"2019-04-01T16:14:54+00:00\" \/>\n<meta name=\"twitter:card\" content=\"summary_large_image\" \/>\n<meta name=\"twitter:label1\" content=\"Est. reading time\" \/>\n\t<meta name=\"twitter:data1\" content=\"2 minutes\" \/>\n<script type=\"application\/ld+json\" class=\"yoast-schema-graph\">{\"@context\":\"https:\\\/\\\/schema.org\",\"@graph\":[{\"@type\":\"WebPage\",\"@id\":\"https:\\\/\\\/maacondos.com\\\/zh\\\/the-neighbourhood\\\/\",\"url\":\"https:\\\/\\\/maacondos.com\\\/zh\\\/the-neighbourhood\\\/\",\"name\":\"L\u2019embl\u00e9matique Golden Square Mile - MAA Condominiums\",\"isPartOf\":{\"@id\":\"https:\\\/\\\/maacondos.com\\\/zh\\\/#website\"},\"datePublished\":\"2019-03-19T15:05:10+00:00\",\"dateModified\":\"2019-04-01T16:14:54+00:00\",\"description\":\"Vivez au c\u0153ur d'un quartier embl\u00e9matique et historique dans l'un de nos 290 condominiums et penthouses haut de gamme \u00e0 Montr\u00e9al.\",\"breadcrumb\":{\"@id\":\"https:\\\/\\\/maacondos.com\\\/zh\\\/the-neighbourhood\\\/#breadcrumb\"},\"inLanguage\":\"zh\",\"potentialAction\":[{\"@type\":\"ReadAction\",\"target\":[\"https:\\\/\\\/maacondos.com\\\/zh\\\/the-neighbourhood\\\/\"]}]},{\"@type\":\"BreadcrumbList\",\"@id\":\"https:\\\/\\\/maacondos.com\\\/zh\\\/the-neighbourhood\\\/#breadcrumb\",\"itemListElement\":[{\"@type\":\"ListItem\",\"position\":1,\"name\":\"Home\",\"item\":\"https:\\\/\\\/maacondos.com\\\/zh\\\/\"},{\"@type\":\"ListItem\",\"position\":2,\"name\":\"The neighbourhood\"}]},{\"@type\":\"WebSite\",\"@id\":\"https:\\\/\\\/maacondos.com\\\/zh\\\/#website\",\"url\":\"https:\\\/\\\/maacondos.com\\\/zh\\\/\",\"name\":\"MAA Condominiums\",\"description\":\"Condos &amp; Penthouses\",\"potentialAction\":[{\"@type\":\"SearchAction\",\"target\":{\"@type\":\"EntryPoint\",\"urlTemplate\":\"https:\\\/\\\/maacondos.com\\\/zh\\\/?s={search_term_string}\"},\"query-input\":{\"@type\":\"PropertyValueSpecification\",\"valueRequired\":true,\"valueName\":\"search_term_string\"}}],\"inLanguage\":\"zh\"}]}<\/script>\n<!-- \/ Yoast SEO plugin. -->","yoast_head_json":{"title":"L\u2019embl\u00e9matique Golden Square Mile - MAA Condominiums","description":"Vivez au c\u0153ur d'un quartier embl\u00e9matique et historique dans l'un de nos 290 condominiums et penthouses haut de gamme \u00e0 Montr\u00e9al.","robots":{"index":"index","follow":"follow","max-snippet":"max-snippet:-1","max-image-preview":"max-image-preview:large","max-video-preview":"max-video-preview:-1"},"canonical":"https:\/\/maacondos.com\/zh\/the-neighbourhood\/","og_locale":"zh_CN","og_type":"article","og_title":"L\u2019embl\u00e9matique Golden Square Mile - MAA Condominiums","og_description":"Vivez au c\u0153ur d'un quartier embl\u00e9matique et historique dans l'un de nos 290 condominiums et penthouses haut de gamme \u00e0 Montr\u00e9al.","og_url":"https:\/\/maacondos.com\/zh\/the-neighbourhood\/","og_site_name":"MAA Condominiums","article_modified_time":"2019-04-01T16:14:54+00:00","twitter_card":"summary_large_image","twitter_misc":{"Est. reading time":"2 minutes"},"schema":{"@context":"https:\/\/schema.org","@graph":[{"@type":"WebPage","@id":"https:\/\/maacondos.com\/zh\/the-neighbourhood\/","url":"https:\/\/maacondos.com\/zh\/the-neighbourhood\/","name":"L\u2019embl\u00e9matique Golden Square Mile - MAA Condominiums","isPartOf":{"@id":"https:\/\/maacondos.com\/zh\/#website"},"datePublished":"2019-03-19T15:05:10+00:00","dateModified":"2019-04-01T16:14:54+00:00","description":"Vivez au c\u0153ur d'un quartier embl\u00e9matique et historique dans l'un de nos 290 condominiums et penthouses haut de gamme \u00e0 Montr\u00e9al.","breadcrumb":{"@id":"https:\/\/maacondos.com\/zh\/the-neighbourhood\/#breadcrumb"},"inLanguage":"zh","potentialAction":[{"@type":"ReadAction","target":["https:\/\/maacondos.com\/zh\/the-neighbourhood\/"]}]},{"@type":"BreadcrumbList","@id":"https:\/\/maacondos.com\/zh\/the-neighbourhood\/#breadcrumb","itemListElement":[{"@type":"ListItem","position":1,"name":"Home","item":"https:\/\/maacondos.com\/zh\/"},{"@type":"ListItem","position":2,"name":"The neighbourhood"}]},{"@type":"WebSite","@id":"https:\/\/maacondos.com\/zh\/#website","url":"https:\/\/maacondos.com\/zh\/","name":"MAA Condominiums","description":"Condos &amp; Penthouses","potentialAction":[{"@type":"SearchAction","target":{"@type":"EntryPoint","urlTemplate":"https:\/\/maacondos.com\/zh\/?s={search_term_string}"},"query-input":{"@type":"PropertyValueSpecification","valueRequired":true,"valueName":"search_term_string"}}],"inLanguage":"zh"}]}},"_links":{"self":[{"href":"https:\/\/maacondos.com\/zh\/wp-json\/wp\/v2\/pages\/764","targetHints":{"allow":["GET"]}}],"collection":[{"href":"https:\/\/maacondos.com\/zh\/wp-json\/wp\/v2\/pages"}],"about":[{"href":"https:\/\/maacondos.com\/zh\/wp-json\/wp\/v2\/types\/page"}],"author":[{"embeddable":true,"href":"https:\/\/maacondos.com\/zh\/wp-json\/wp\/v2\/users\/1"}],"replies":[{"embeddable":true,"href":"https:\/\/maacondos.com\/zh\/wp-json\/wp\/v2\/comments?post=764"}],"version-history":[{"count":5,"href":"https:\/\/maacondos.com\/zh\/wp-json\/wp\/v2\/pages\/764\/revisions"}],"predecessor-version":[{"id":843,"href":"https:\/\/maacondos.com\/zh\/wp-json\/wp\/v2\/pages\/764\/revisions\/843"}],"wp:attachment":[{"href":"https:\/\/maacondos.com\/zh\/wp-json\/wp\/v2\/media?parent=764"}],"curies":[{"name":"wp","href":"https:\/\/api.w.org\/{rel}","templated":true}]}}