{"id":1479,"date":"2019-07-05T15:09:55","date_gmt":"2019-07-05T15:09:55","guid":{"rendered":"https:\/\/maacondos.com\/plans\/"},"modified":"2024-11-14T20:11:36","modified_gmt":"2024-11-14T20:11:36","slug":"plans","status":"publish","type":"page","link":"https:\/\/maacondos.com\/zh\/plans\/","title":{"rendered":"\u6237\u578b"},"content":{"rendered":"<div class=\"wpb-content-wrapper\">[vc_row fullwidth=&#8221;true&#8221; fullwidth_content=&#8221;false&#8221; css=&#8221;.vc_custom_1553018645438{background-color: #a87458 !important;}&#8221;][vc_column][vc_row_inner][vc_column_inner width=&#8221;1\/3&#8243;][vc_empty_space height=&#8221;100px&#8221; el_class=&#8221;space-mobile&#8221;][mk_fancy_title color=&#8221;#65192e&#8221; size=&#8221;64&#8243; margin_bottom=&#8221;0&#8243; font_family=&#8221;none&#8221; responsive_align=&#8221;left&#8221; el_class=&#8221;titre-style3 redstyle&#8221;]\u6237\u578b[\/mk_fancy_title][vc_raw_html]JTVCc2VhcmNoYW5kZmlsdGVyJTIwc2x1ZyUzRCUyMnBsYW5zJTIyJTVE[\/vc_raw_html][\/vc_column_inner][vc_column_inner width=&#8221;2\/3&#8243;][vc_empty_space height=&#8221;100px&#8221; el_class=&#8221;space-mobile&#8221;][vc_column_text css=&#8221;.vc_custom_1562353089343{margin-bottom: 0px !important;}&#8221;]<img decoding=\"async\" class=\"alignnone wp-image-1290 size-full\" src=\"https:\/\/maacondos.com\/wp-content\/uploads\/2019\/07\/plansheader.jpg\" alt=\"\" width=\"100%\" srcset=\"https:\/\/maacondos.com\/wp-content\/uploads\/2019\/07\/plansheader.jpg 675w, https:\/\/maacondos.com\/wp-content\/uploads\/2019\/07\/plansheader-300x185.jpg 300w\" sizes=\"(max-width: 675px) 100vw, 675px\" \/>[\/vc_column_text][\/vc_column_inner][\/vc_row_inner][vc_empty_space height=&#8221;250px&#8221;][\/vc_column][\/vc_row][vc_row fullwidth=&#8221;true&#8221; el_class=&#8221;relative row-img row-border-bottom-&#8221; css=&#8221;.vc_custom_1731615094001{background-image: url(https:\/\/maacondos.com\/wp-content\/uploads\/2019\/03\/bg-fond-maa.jpg?id=615) !important;background-position: 0 0 !important;background-repeat: repeat !important;}&#8221;][vc_column][vc_row_inner is_fullwidth_content=&#8221;false&#8221;][vc_column_inner][vc_raw_html]JTVCc2VhcmNoYW5kZmlsdGVyJTIwaWQlM0QlMjIxMjYyJTIyJTIwc2hvdyUzRCUyMnJlc3VsdHMlMjIlNUQ=[\/vc_raw_html][\/vc_column_inner][\/vc_row_inner][\/vc_column][\/vc_row][vc_row fullwidth=&#8221;true&#8221; css=&#8221;.vc_custom_1553001046815{background-image: url(http:\/\/maacondos.com\/wp-content\/uploads\/2019\/03\/bg-fond-maa.jpg?id=615) !important;background-position: 0 0 !important;background-repeat: repeat !important;}&#8221;][vc_column][vc_empty_space height=&#8221;40px&#8221; el_class=&#8221;remove-space-mobile&#8221;][vc_row_inner][vc_column_inner][vc_column_text css=&#8221;.vc_custom_1546621610162{margin-bottom: 0px !important;}&#8221;]\n\n\t\t<div id=\"form\">\n\t\t\t<div id=\"formulaire\">\n\n\n\n\n\n\t\t\t\t<!-- <h3 class=\"titre-formulaire center\">\u7acb\u5373\u6ce8\u518c\u52a0\u5165\u6211\u4eec\u7684\u8d35\u5bbe\u540d\u5355<\/h3>\n\t\t\t\n\t\t\t<h3 class=\"titre-formulaire center\" sytle=\"margin-top:25px;\">Sales pavilion <\/h3>\n\t\t\t<p class=\"center\"><a href=\"tel:438-792-0710\">438 792-0710<\/a><br>\n\t\t\t<a href=\"https:\/\/goo.gl\/maps\/cmouuPjKNs1PkRx26\" target=\"_blank\">4120, rue Sainte-Catherine Ouest<br>\n\t\t\tWestmount, Qu\u00e9bec&nbsp;&nbsp;H3Z 1P2<\/a><\/p> -->\n\n\n\t\t\t\t<h3 class=\"titre-formulaire center\" sytle=\"width:100%; margin-top:25px;\">MAA\u516c\u5bd3\u548c\u9876\u5c42\u8c6a\u534e\u516c\u5bd3\u6b63\u5728\u70ed\u5356\u4e2d\uff01<\/h3>\n\t\t\t\t<p class=\"center titre-formulaire soustitre-formulaire\" style=\"width:70%; margin:0 auto;\">\n\t\t\t\t\t\u5982\u679c\u60a8\u5bf9\u8fd9\u4e00\u9879\u76ee\u611f\u5174\u8da3\uff0c\u5e0c\u671b\u4e86\u89e3\u66f4\u591a\u9879\u76ee\u8be6\u60c5\uff0c\u8bf7\u586b\u5199\u8868\u683c\u6216\u9884\u7ea6\u96f6\u63a5\u89e6\u7ebf\u4e0a\u4f1a\u8bae\u8054\u7cfb\u6211\u4eec\u7684\u9500\u552e\u4ee3\u8868\u3002\n\t\t\t\t<\/p>\n\n\n\n\t\t\t\t<div class=\"wrap-formulaire\">\n\n\t\t\t\t\t<div id=\"msg\"><\/div>\n\t\t\t\t\t<form name=\"form-maa-zh\" id=\"form-maa-zh\" method=\"post\" action=\"\/index.php\">\n\n\n\t\t\t\t\t\t<div>\n\t\t\t\t\t\t\t<label for=\"title\">\u79f0\u547c<\/label>\n\t\t\t\t\t\t\t<label class=\"salutation\"><input class=\"option-input radio\" type=\"radio\" id=\"NameTitle\" name=\"NameTitle\" value=\"M.\">\u5148\u751f<\/label>\n\t\t\t\t\t\t\t<label class=\"salutation\"><input class=\"option-input radio\" type=\"radio\" id=\"NameTitle\" name=\"NameTitle\" value=\"Mme\">\u5973\u58eb<\/label>\n\t\t\t\t\t\t<\/div>\n\n\n\n\n\t\t\t\t\t\t<input type=\"text\" id=\"FirstName\" name=\"FirstName\" placeholder=\"\u540d\u5b57* :\">\n\t\t\t\t\t\t<input type=\"text\" id=\"LastName\" name=\"LastName\" placeholder=\"\u59d3\u6c0f* :\">\n\n\t\t\t\t\t\t<input type=\"text\" id=\"Emails-Primary\" name=\"Emails-Primary\" placeholder=\"\u90ae\u4ef6* :\">\n\t\t\t\t\t\t<input type=\"text\" id=\"Phones-Home\" name=\"Phones-Home\" placeholder=\"\u7535\u8bdd* :\">\n\t\t\t\t\t\t<input type=\"text\" id=\"PostalCode\" name=\"PostalCode\" placeholder=\"\u90ae\u7f16* :\" \/>\n\n\n\n\n\t\t\t\t\t\t<select id=\"Questions-55405\" name=\"Questions[55405]\">\n\t\t\t\t\t\t\t<option value=\"0\">\u60a8\u7684\u5ba2\u6237\u7c7b\u578b\uff1f<\/option>\n\t\t\t\t\t\t\t<option value=\"231440\">\u4e70\u5bb6<\/option>\n\t\t\t\t\t\t\t<option value=\"231441\">\u6295\u8d44\u4eba<\/option>\n\t\t\t\t\t\t\t<option value=\"231442\">\u5730\u4ea7\u7ecf\u7eaa<\/option>\n\t\t\t\t\t\t<\/select>\n\n\t\t\t\t\t\t<div class=\"form-space\"><\/div>\n\n\n\t\t\t\t\t\t<select id=\"Questions-55406\" name=\"Questions[55406]\">\n\t\t\t\t\t\t\t<option value=\"0\">\u60a8\u5bf9\u4ec0\u4e48\u6837\u7684\u6237\u578b\u611f\u5174\u8da3\uff1f<\/option>\n\t\t\t\t\t\t\t<!--option value=\"231788\">Studio<\/option>\n\t\t\t\t\t\t<option value=\"231443\">1\u623f<\/option>\n\t\t\t\t\t\t<option value=\"231444\">2\u623f<\/option>\n\t\t\t\t\t\t<option value=\"231445\">3\u623f<\/option>\n\t\t\t\t\t\t<option value=\"231446\">\u9876\u5c42\u8c6a\u534e\u516c\u5bd3<\/option-->\n\n\t\t\t\t\t\t\t<!--option value=\"238710\">\u7ecf\u5178\u4e00\u623f\u516c\u5bd3\u8d77\u4ef7<\/option>\n\t\t\t\t\t\t<option value=\"238711\">\u8c6a\u534e\u4e09\u623f\u516c\u5bd3\u8d77\u4ef7<\/option-->\n\t\t\t\t\t\t\t<!--<option value=\"231446\">\u9876\u5c42\u8c6a\u534e\u516c\u5bd3<\/option>-->\n\n\t\t\t\t\t\t\t<option value=\"342901\">\u7ecf\u5178\u5355\u95f4\u5957\u623f<\/option>\n\t\t\t\t\t\t\t<option value=\"238710\">\u7ecf\u51781\u5c45\u5ba4\u5957\u623f<\/option>\n\t\t\t\t\t\t\t<option value=\"342900\">\u7ecf\u51782\u5c45\u5ba4\u5957\u623f<\/option>\n\t\t\t\t\t\t\t<option value=\"342899\">\u53cc\u5367\u884c\u653f\u5957\u623f<\/option>\n\n\t\t\t\t\t\t\t<option value=\"342898\">\u9876\u5c42\u8c6a\u534e3\u5367\u5957\u623f<\/option>\n\n\n\t\t\t\t\t\t<\/select>\n\n\t\t\t\t\t\t<select id=\"Questions-16533\" name=\"Questions[16533]\">\n\t\t\t\t\t\t\t<option value=\"0\">\u60a8\u5e0c\u671b\u6211\u4eec\u4f7f\u7528\u54ea\u79cd\u8bed\u8a00\u8ddf\u60a8\u8054\u7cfb\uff1f<\/option>\n\t\t\t\t\t\t\t<option value=\"80630\">\u6cd5\u8bed<\/option>\n\t\t\t\t\t\t\t<option value=\"80629\">\u82f1\u8bed<\/option>\n\t\t\t\t\t\t\t<option value=\"200705\">\u666e\u901a\u8bdd<\/option>\n\t\t\t\t\t\t<\/select>\n\n\t\t\t\t\t\t<!--\t<div class=\"form-space\"><\/div>\n\t\t\t\t\t\n\t\t\t\t\t\u60a8\u76ee\u524d\u6709\u7ecf\u7eaa\u4eba\u4ee3\u7406\u5417\uff1f\u5982\u679c\u6709\uff0c\u8bf7\u8f93\u5165\u7ecf\u7eaa\u4eba\u59d3\u540d\u3002<br>\n\t\t\t\t\t\u662f\u7684\uff0c\u6211\u7531\u6211\u7684\u7ecf\u7eaa\u4eba\u4ee3\u7406<br>\n\t\t\t\t\t<input type=\"text\" id=\"Questions-58236\" name=\"Questions-58236\" placeholder=\"\u7ecf\u7eaa\u4eba\u59d3\u540d:\"><br>-->\n\n\t\t\t\t\t\t<div id=\"NumPlanContainer\" style=\"display:none;\">\n\t\t\t\t\t\t\t<div class=\"form-space\"><\/div>\n\t\t\t\t\t\t\t<div class=\"form-space\"><\/div>\n\t\t\t\t\t\t\t<br \/><label for=\"Questions-98648\">\u6211\u60f3\u8981\u4e86\u89e3\u66f4\u591a\u8fd9\u4e2a\u5355\u5143\u7684\u4fe1\u606f<\/label>\n\t\t\t\t\t\t\t<input type=\"text\" id=\"Questions-98648\" name=\"Questions[98648]\" placeholder=\"\" readonly value=\"\"><br>\n\t\t\t\t\t\t<\/div>\n\n\t\t\t\t\t\t<input type=\"text\" id=\"Questions-58236\" name=\"Questions-58236\" value=\"\" style=\"display: none; opacity: 0;\">\n\n\n\t\t\t\t\t\t<textarea id=\"Comments\" name=\"Comments\" placeholder=\"\u7559\u8a00 :\"><\/textarea>\n\t\t\t\t\t\t<br>\n\n\t\t\t\t\t\t<div class=\"form-space\"><\/div>\n\n\n\t\t\t\t\t\t<!--label class=\"newsletter\">\n\t\t\t\t\t\t<input class=\"option-input checkbox\" type=\"checkbox\" id=\"Questions-55407\" name=\"Questions[55407]\" value=\"231447\" \/> \u6211\u5e0c\u671b\u4ece Devimco Immobilier \u6536\u5230\u6700\u65b0\u6d88\u606f\uff0c\u6d3b\u52a8\u9080\u8bf7\u548c\u4f18\u60e0\u901a\u77e5\n\t\t\t\t\t<\/label-->\n\t\t\t\t\t\t<p>\u5165\u60a8\u7684\u90ae\u7bb1\u8ba2\u9605\u6700\u65b0\u8d44\u8baf\uff0c\u5373\u8868\u793a\u60a8\u540c\u610f\u63a5\u6536\u6765\u81eaDevimco\u7684\u65b0\u95fb\u52a8\u6001\u3001\u4fc3\u9500\u6d3b\u52a8\u548c\u7535\u5b50\u671f\u520a\u3002\u60a8\u53ef\u968f\u65f6\u901a\u8fc7\u90ae\u4ef6\u4e2d\u7684\u9000\u8ba2\u94fe\u63a5\u53d6\u6d88\u8ba2\u9605\u3002<\/p>\n\n\n\t\t\t\t\t\t<input type=\"hidden\" id=\"Questions-59726\" name=\"Questions[59726]\" value=\"242141\">\n\n\t\t\t\t\t\t<br><br>\n\t\t\t\t\t\t<input type=\"hidden\" id=\"ThankYouEmailTemplateId\" name=\"ThankYouEmailTemplateId\" value=\"677460\" \/>\n\t\t\t\t\t\t<input type=\"hidden\" name=\"registrationPageIdentifier\" value=\"mandarin\" \/>\n\t\t\t\t\t\t<input type=\"hidden\" name=\"SignupThankyouLink\" value=\"DO NOT REDIRECT\">\n\t\t\t\t\t\t<input type=\"hidden\" name=\"SignupEmailLink\" value=\"\">\n\t\t\t\t\t\t<input type=\"hidden\" name=\"SignupEmailSubject\" value=\"Thank you for registering at [@PROJECT_NAME]\">\n\t\t\t\t\t\t<input type=\"hidden\" name=\"domainAccountId\" value=\"LAS-193844-21\" \/>\n\t\t\t\t\t\t<input type=\"hidden\" name=\"guid\" value=\"\" \/>\n\n\t\t\t\t\t\t<!-- <input type=\"hidden\" id=\"Questions-88637\" name=\"Questions[88637]\" value=\"\">\n\t\t\t\t\t<input type=\"hidden\" id=\"Questions-88638\" name=\"Questions[88638]\" value=\"\">\n\t\t\t\t\t<input type=\"hidden\" id=\"Questions-88640\" name=\"Questions[88640]\" value=\"\">\n\t\t\t\t\t<input type=\"hidden\" id=\"Questions-102963\" name=\"Questions[102963]\" value=\"\">\n\t\t\t\t\t<input type=\"hidden\" id=\"Questions-102964\" name=\"Questions[102964]\" value=\"\">\n\t\t\t\t\t<input type=\"hidden\" id=\"SourceTypeID\" name=\"SourceTypeID\" value=\"\"> -->\n\n\t\t\t\t\t\t<input type=\"hidden\" id=\"Questions-88637\" name=\"Questions[88637]\" value=\"\">\n\t\t\t\t\t\t<input type=\"hidden\" id=\"Questions-88638\" name=\"Questions[88638]\" value=\"\">\n\t\t\t\t\t\t<input type=\"hidden\" id=\"Questions-88640\" name=\"Questions[88640]\" value=\"\">\n\t\t\t\t\t\t<input type=\"hidden\" id=\"Questions-102964\" name=\"Questions[102964]\" value=\"\">\n\t\t\t\t\t\t<input type=\"hidden\" id=\"Questions-102963\" name=\"Questions[102963]\" value=\"\">\n\t\t\t\t\t\t<input type=\"hidden\" id=\"Questions-122174\" name=\"Questions[122174]\" value=\"\">\n\t\t\t\t\t\t<input type=\"hidden\" id=\"Questions-122175\" name=\"Questions[122175]\" value=\"\">\n\t\t\t\t\t\t<input type=\"hidden\" id=\"gaclientid\" name=\"gaclientid\" value=\"\">\n\t\t\t\t\t\t<input type=\"hidden\" id=\"gclid\" name=\"gclid\" value=\"\">\n\t\t\t\t\t\t<input type=\"hidden\" id=\"SourceTypeID\" name=\"SourceTypeID\" value=\"Online Registration\">\n\n\t\t\t\t\t\t<div class=\"captcha-btn\" style=\"margin-top:0; display: flex; justify-content: center; flex-flow: column; align-items: center;\">\n\t\t\t\t\t\t\t<div class=\"cf-turnstile\" data-sitekey=\"0x4AAAAAACIqfgWa_KcVVUDF\" data-theme=\"light\"><\/div>\n\n\t\t\t\t\t\t\t<input type=\"submit\" class=\"btnSubmit\" id=\"submit\" name=\"submit\" value=\"\u63d0\u4ea4\" style=\"margin:35px auto 0 auto;\" \/>\n\t\t\t\t\t\t<\/div>\n\n\n\t\t\t\t\t<\/form>\n\n\t\t\t\t<\/div>\n\t\t\t\t<!--wrap-formulaire-->\n\t\t\t\t<br><br><br><br>\n\n\n\n\t\t\t<\/div>\n\t\t<\/div>\n\n\t\n\t<h3 class=\"titre-footer-prix\" style=\"font-size:34px; text-align:center;margin:0 auto 40px auto;\">\n\t\tAwards and distinctions\t<\/h3>\n\n\n\t<div class=\"wrap-footer-prix\" style=\"display:flex; flex-flow: wrap; align-items:center; justify-content: center; gap:50px;\">\n\t\t<div><img loading=\"lazy\" decoding=\"async\" src=\"\/wp-content\/uploads\/2021\/07\/pastille-architizer-x2.png\" width=\"131\" height=\"147\" alt=\"Architizer\"><\/div>\n\t\t<div><img loading=\"lazy\" decoding=\"async\" src=\"\/wp-content\/uploads\/2022\/08\/logos-certificationor-an.png\" width=\"131\" height=\"74\" alt=\"Certification Or\"><\/div>\n\t<\/div>\n\n\t[\/vc_column_text][\/vc_column_inner][\/vc_row_inner][vc_empty_space height=&#8221;50px&#8221;][\/vc_column][\/vc_row]\n<\/div>","protected":false},"excerpt":{"rendered":"<p>[vc_row fullwidth=&#8221;true&#8221; fullwidth_content=&#8221;false&#8221; css=&#8221;.vc_custom_1553018645438{background-color: #a87458 !important;}&#8221;][vc_column][vc_row_inner][vc_column_inner width=&#8221;1\/3&#8243;][vc_empty_space height=&#8221;100px&#8221; el_class=&#8221;space-mobile&#8221;][mk_fancy_title color=&#8221;#65192e&#8221; size=&#8221;64&#8243; margin_bottom=&#8221;0&#8243; font_family=&#8221;none&#8221; responsive_align=&#8221;left&#8221; el_class=&#8221;titre-style3 redstyle&#8221;]\u6237\u578b[\/mk_fancy_title][vc_raw_html]JTVCc2VhcmNoYW5kZmlsdGVyJTIwc2x1ZyUzRCUyMnBsYW5zJTIyJTVE[\/vc_raw_html][\/vc_column_inner][vc_column_inner width=&#8221;2\/3&#8243;][vc_empty_space height=&#8221;100px&#8221; el_class=&#8221;space-mobile&#8221;][vc_column_text css=&#8221;.vc_custom_1562353089343{margin-bottom: 0px !important;}&#8221;][\/vc_column_text][\/vc_column_inner][\/vc_row_inner][vc_empty_space height=&#8221;250px&#8221;][\/vc_column][\/vc_row][vc_row fullwidth=&#8221;true&#8221; el_class=&#8221;relative row-img row-border-bottom-&#8221; css=&#8221;.vc_custom_1731615094001{background-image: url(https:\/\/maacondos.com\/wp-content\/uploads\/2019\/03\/bg-fond-maa.jpg?id=615) !important;background-position: 0 0 !important;background-repeat: repeat !important;}&#8221;][vc_column][vc_row_inner is_fullwidth_content=&#8221;false&#8221;][vc_column_inner][vc_raw_html]JTVCc2VhcmNoYW5kZmlsdGVyJTIwaWQlM0QlMjIxMjYyJTIyJTIwc2hvdyUzRCUyMnJlc3VsdHMlMjIlNUQ=[\/vc_raw_html][\/vc_column_inner][\/vc_row_inner][\/vc_column][\/vc_row][vc_row fullwidth=&#8221;true&#8221; css=&#8221;.vc_custom_1553001046815{background-image: url(http:\/\/maacondos.com\/wp-content\/uploads\/2019\/03\/bg-fond-maa.jpg?id=615) !important;background-position: 0 0 !important;background-repeat: repeat !important;}&#8221;][vc_column][vc_empty_space height=&#8221;40px&#8221; el_class=&#8221;remove-space-mobile&#8221;][vc_row_inner][vc_column_inner][vc_column_text css=&#8221;.vc_custom_1546621610162{margin-bottom: 0px !important;}&#8221;][\/vc_column_text][\/vc_column_inner][\/vc_row_inner][vc_empty_space height=&#8221;50px&#8221;][\/vc_column][\/vc_row]<\/p>\n","protected":false},"author":1,"featured_media":0,"parent":0,"menu_order":0,"comment_status":"closed","ping_status":"closed","template":"","meta":{"_acf_changed":false,"footnotes":""},"class_list":["post-1479","page","type-page","status-publish","hentry"],"acf":[],"yoast_head":"<!-- This site is optimized with the Yoast SEO plugin v27.3 - https:\/\/yoast.com\/product\/yoast-seo-wordpress\/ -->\n<title>Consultez les plans de nos unit\u00e9s - MAA Condominiums<\/title>\n<meta name=\"description\" content=\"Ajustez votre budget, la surface d\u00e9sir\u00e9e et d\u00e9couvrez les plans de nos unit\u00e9s encore disponibles. Projetez-vous dans votre futur lieu de vie!\" \/>\n<meta name=\"robots\" content=\"index, follow, max-snippet:-1, max-image-preview:large, max-video-preview:-1\" \/>\n<link rel=\"canonical\" href=\"https:\/\/maacondos.com\/zh\/plans\/\" \/>\n<meta property=\"og:locale\" content=\"zh_CN\" \/>\n<meta property=\"og:type\" content=\"article\" \/>\n<meta property=\"og:title\" content=\"Consultez les plans de nos unit\u00e9s - MAA Condominiums\" \/>\n<meta property=\"og:description\" content=\"Ajustez votre budget, la surface d\u00e9sir\u00e9e et d\u00e9couvrez les plans de nos unit\u00e9s encore disponibles. Projetez-vous dans votre futur lieu de vie!\" \/>\n<meta property=\"og:url\" content=\"https:\/\/maacondos.com\/zh\/plans\/\" \/>\n<meta property=\"og:site_name\" content=\"MAA Condominiums\" \/>\n<meta property=\"article:modified_time\" content=\"2024-11-14T20:11:36+00:00\" \/>\n<meta property=\"og:image\" content=\"https:\/\/maacondos.com\/wp-content\/uploads\/2019\/07\/plansheader.jpg\" \/>\n<meta name=\"twitter:card\" content=\"summary_large_image\" \/>\n<meta name=\"twitter:label1\" content=\"Est. reading time\" \/>\n\t<meta name=\"twitter:data1\" content=\"1 minute\" \/>\n<script type=\"application\/ld+json\" class=\"yoast-schema-graph\">{\"@context\":\"https:\\\/\\\/schema.org\",\"@graph\":[{\"@type\":\"WebPage\",\"@id\":\"https:\\\/\\\/maacondos.com\\\/zh\\\/plans\\\/\",\"url\":\"https:\\\/\\\/maacondos.com\\\/zh\\\/plans\\\/\",\"name\":\"Consultez les plans de nos unit\u00e9s - MAA Condominiums\",\"isPartOf\":{\"@id\":\"https:\\\/\\\/maacondos.com\\\/zh\\\/#website\"},\"primaryImageOfPage\":{\"@id\":\"https:\\\/\\\/maacondos.com\\\/zh\\\/plans\\\/#primaryimage\"},\"image\":{\"@id\":\"https:\\\/\\\/maacondos.com\\\/zh\\\/plans\\\/#primaryimage\"},\"thumbnailUrl\":\"https:\\\/\\\/maacondos.com\\\/wp-content\\\/uploads\\\/2019\\\/07\\\/plansheader.jpg\",\"datePublished\":\"2019-07-05T15:09:55+00:00\",\"dateModified\":\"2024-11-14T20:11:36+00:00\",\"description\":\"Ajustez votre budget, la surface d\u00e9sir\u00e9e et d\u00e9couvrez les plans de nos unit\u00e9s encore disponibles. Projetez-vous dans votre futur lieu de vie!\",\"breadcrumb\":{\"@id\":\"https:\\\/\\\/maacondos.com\\\/zh\\\/plans\\\/#breadcrumb\"},\"inLanguage\":\"zh\",\"potentialAction\":[{\"@type\":\"ReadAction\",\"target\":[\"https:\\\/\\\/maacondos.com\\\/zh\\\/plans\\\/\"]}]},{\"@type\":\"ImageObject\",\"inLanguage\":\"zh\",\"@id\":\"https:\\\/\\\/maacondos.com\\\/zh\\\/plans\\\/#primaryimage\",\"url\":\"https:\\\/\\\/maacondos.com\\\/wp-content\\\/uploads\\\/2019\\\/07\\\/plansheader.jpg\",\"contentUrl\":\"https:\\\/\\\/maacondos.com\\\/wp-content\\\/uploads\\\/2019\\\/07\\\/plansheader.jpg\"},{\"@type\":\"BreadcrumbList\",\"@id\":\"https:\\\/\\\/maacondos.com\\\/zh\\\/plans\\\/#breadcrumb\",\"itemListElement\":[{\"@type\":\"ListItem\",\"position\":1,\"name\":\"Home\",\"item\":\"https:\\\/\\\/maacondos.com\\\/zh\\\/\"},{\"@type\":\"ListItem\",\"position\":2,\"name\":\"\u6237\u578b\"}]},{\"@type\":\"WebSite\",\"@id\":\"https:\\\/\\\/maacondos.com\\\/zh\\\/#website\",\"url\":\"https:\\\/\\\/maacondos.com\\\/zh\\\/\",\"name\":\"MAA Condominiums\",\"description\":\"Condos &amp; Penthouses\",\"potentialAction\":[{\"@type\":\"SearchAction\",\"target\":{\"@type\":\"EntryPoint\",\"urlTemplate\":\"https:\\\/\\\/maacondos.com\\\/zh\\\/?s={search_term_string}\"},\"query-input\":{\"@type\":\"PropertyValueSpecification\",\"valueRequired\":true,\"valueName\":\"search_term_string\"}}],\"inLanguage\":\"zh\"}]}<\/script>\n<!-- \/ Yoast SEO plugin. -->","yoast_head_json":{"title":"Consultez les plans de nos unit\u00e9s - MAA Condominiums","description":"Ajustez votre budget, la surface d\u00e9sir\u00e9e et d\u00e9couvrez les plans de nos unit\u00e9s encore disponibles. Projetez-vous dans votre futur lieu de vie!","robots":{"index":"index","follow":"follow","max-snippet":"max-snippet:-1","max-image-preview":"max-image-preview:large","max-video-preview":"max-video-preview:-1"},"canonical":"https:\/\/maacondos.com\/zh\/plans\/","og_locale":"zh_CN","og_type":"article","og_title":"Consultez les plans de nos unit\u00e9s - MAA Condominiums","og_description":"Ajustez votre budget, la surface d\u00e9sir\u00e9e et d\u00e9couvrez les plans de nos unit\u00e9s encore disponibles. Projetez-vous dans votre futur lieu de vie!","og_url":"https:\/\/maacondos.com\/zh\/plans\/","og_site_name":"MAA Condominiums","article_modified_time":"2024-11-14T20:11:36+00:00","og_image":[{"url":"https:\/\/maacondos.com\/wp-content\/uploads\/2019\/07\/plansheader.jpg","type":"","width":"","height":""}],"twitter_card":"summary_large_image","twitter_misc":{"Est. reading time":"1 minute"},"schema":{"@context":"https:\/\/schema.org","@graph":[{"@type":"WebPage","@id":"https:\/\/maacondos.com\/zh\/plans\/","url":"https:\/\/maacondos.com\/zh\/plans\/","name":"Consultez les plans de nos unit\u00e9s - MAA Condominiums","isPartOf":{"@id":"https:\/\/maacondos.com\/zh\/#website"},"primaryImageOfPage":{"@id":"https:\/\/maacondos.com\/zh\/plans\/#primaryimage"},"image":{"@id":"https:\/\/maacondos.com\/zh\/plans\/#primaryimage"},"thumbnailUrl":"https:\/\/maacondos.com\/wp-content\/uploads\/2019\/07\/plansheader.jpg","datePublished":"2019-07-05T15:09:55+00:00","dateModified":"2024-11-14T20:11:36+00:00","description":"Ajustez votre budget, la surface d\u00e9sir\u00e9e et d\u00e9couvrez les plans de nos unit\u00e9s encore disponibles. Projetez-vous dans votre futur lieu de vie!","breadcrumb":{"@id":"https:\/\/maacondos.com\/zh\/plans\/#breadcrumb"},"inLanguage":"zh","potentialAction":[{"@type":"ReadAction","target":["https:\/\/maacondos.com\/zh\/plans\/"]}]},{"@type":"ImageObject","inLanguage":"zh","@id":"https:\/\/maacondos.com\/zh\/plans\/#primaryimage","url":"https:\/\/maacondos.com\/wp-content\/uploads\/2019\/07\/plansheader.jpg","contentUrl":"https:\/\/maacondos.com\/wp-content\/uploads\/2019\/07\/plansheader.jpg"},{"@type":"BreadcrumbList","@id":"https:\/\/maacondos.com\/zh\/plans\/#breadcrumb","itemListElement":[{"@type":"ListItem","position":1,"name":"Home","item":"https:\/\/maacondos.com\/zh\/"},{"@type":"ListItem","position":2,"name":"\u6237\u578b"}]},{"@type":"WebSite","@id":"https:\/\/maacondos.com\/zh\/#website","url":"https:\/\/maacondos.com\/zh\/","name":"MAA Condominiums","description":"Condos &amp; Penthouses","potentialAction":[{"@type":"SearchAction","target":{"@type":"EntryPoint","urlTemplate":"https:\/\/maacondos.com\/zh\/?s={search_term_string}"},"query-input":{"@type":"PropertyValueSpecification","valueRequired":true,"valueName":"search_term_string"}}],"inLanguage":"zh"}]}},"_links":{"self":[{"href":"https:\/\/maacondos.com\/zh\/wp-json\/wp\/v2\/pages\/1479","targetHints":{"allow":["GET"]}}],"collection":[{"href":"https:\/\/maacondos.com\/zh\/wp-json\/wp\/v2\/pages"}],"about":[{"href":"https:\/\/maacondos.com\/zh\/wp-json\/wp\/v2\/types\/page"}],"author":[{"embeddable":true,"href":"https:\/\/maacondos.com\/zh\/wp-json\/wp\/v2\/users\/1"}],"replies":[{"embeddable":true,"href":"https:\/\/maacondos.com\/zh\/wp-json\/wp\/v2\/comments?post=1479"}],"version-history":[{"count":4,"href":"https:\/\/maacondos.com\/zh\/wp-json\/wp\/v2\/pages\/1479\/revisions"}],"predecessor-version":[{"id":3284,"href":"https:\/\/maacondos.com\/zh\/wp-json\/wp\/v2\/pages\/1479\/revisions\/3284"}],"wp:attachment":[{"href":"https:\/\/maacondos.com\/zh\/wp-json\/wp\/v2\/media?parent=1479"}],"curies":[{"name":"wp","href":"https:\/\/api.w.org\/{rel}","templated":true}]}}